{"id":108,"date":"2017-11-17T10:28:07","date_gmt":"2017-11-17T09:28:07","guid":{"rendered":"http:\/\/staging.faules-spiel.de\/?page_id=108"},"modified":"2022-10-17T14:46:58","modified_gmt":"2022-10-17T12:46:58","slug":"impressum","status":"publish","type":"page","link":"https:\/\/www.faules-spiel.de\/en\/impressum\/","title":{"rendered":"Impressum"},"content":{"rendered":"<p><a name=\"_GoBack\"><\/a>Das Pr\u00e4ventionsprojekt Gl\u00fccksspiel ist ein Projekt der pad gGmbH und wird im Auftrag der Senatsverwaltung f\u00fcr Gesundheit, Pflege und Gleichstellung durchgef\u00fchrt.<\/p>\n<p>Die pad gGmbH ist ein anerkannter Tr\u00e4ger der freien Jugendhilfe und Mitglied im Parit\u00e4tischen Wohlfahrtsverband sowie im Fachverband Gl\u00fccksspielsucht e.V.<\/p>\n<p>Verantwortlich f\u00fcr den Inhalt (nach \u00a7 55 Abs. 2 RStV und \u00a7 6 MDStV \/ \u00a7 5 TMG):<\/p>\n<p>Angelina Kr\u00fcger, Projektleiterin<\/p>\n<p>Telefon: 030 \u2013 84 52 21 12<\/p>\n<p>Andreas W\u00e4chter, Gesch\u00e4ftsf\u00fchrer der pad gGmbH<\/p>\n<p>Telefon: 030 \u2013 93 55 40 40<\/p>\n","protected":false},"excerpt":{"rendered":"<p>Das Pr\u00e4ventionsprojekt Gl\u00fccksspiel ist ein Projekt der pad gGmbH und wird im Auftrag der Senatsverwaltung f\u00fcr Gesundheit, Pflege und Gleichstellung durchgef\u00fchrt. Die pad gGmbH ist ein anerkannter Tr\u00e4ger der freien Jugendhilfe und Mitglied im Parit\u00e4tischen Wohlfahrtsverband sowie im Fachverband Gl\u00fccksspielsucht e.V. Verantwortlich f\u00fcr den Inhalt (nach \u00a7 55 Abs. 2 RStV und \u00a7 6 MDStV [&hellip;]<\/p>\n","protected":false},"author":1,"featured_media":0,"parent":0,"menu_order":0,"comment_status":"closed","ping_status":"closed","template":"","meta":{"_mi_skip_tracking":false,"_monsterinsights_sitenote_active":false,"_monsterinsights_sitenote_note":"","_monsterinsights_sitenote_category":0,"footnotes":""},"acf":[],"_links":{"self":[{"href":"https:\/\/www.faules-spiel.de\/en\/wp-json\/wp\/v2\/pages\/108"}],"collection":[{"href":"https:\/\/www.faules-spiel.de\/en\/wp-json\/wp\/v2\/pages"}],"about":[{"href":"https:\/\/www.faules-spiel.de\/en\/wp-json\/wp\/v2\/types\/page"}],"author":[{"embeddable":true,"href":"https:\/\/www.faules-spiel.de\/en\/wp-json\/wp\/v2\/users\/1"}],"replies":[{"embeddable":true,"href":"https:\/\/www.faules-spiel.de\/en\/wp-json\/wp\/v2\/comments?post=108"}],"version-history":[{"count":13,"href":"https:\/\/www.faules-spiel.de\/en\/wp-json\/wp\/v2\/pages\/108\/revisions"}],"predecessor-version":[{"id":928,"href":"https:\/\/www.faules-spiel.de\/en\/wp-json\/wp\/v2\/pages\/108\/revisions\/928"}],"wp:attachment":[{"href":"https:\/\/www.faules-spiel.de\/en\/wp-json\/wp\/v2\/media?parent=108"}],"curies":[{"name":"wp","href":"https:\/\/api.w.org\/{rel}","templated":true}]}}